{"id":2577,"date":"2025-10-22T10:18:14","date_gmt":"2025-10-22T15:18:14","guid":{"rendered":"https:\/\/simon.uis.edu.co\/mie\/?page_id=2577"},"modified":"2026-03-16T10:27:55","modified_gmt":"2026-03-16T15:27:55","slug":"informacion-de-la-convocatoria","status":"publish","type":"page","link":"https:\/\/simon.uis.edu.co\/mie\/convocatoria-poder-pedagogico-popular-territorializacion-de-la-formacion-avanzada-maestrias\/informacion-de-la-convocatoria\/","title":{"rendered":"INFORMACI\u00d3N DE LA CONVOCATORIA"},"content":{"rendered":"\n<figure class=\"wp-block-image size-full\"><img loading=\"lazy\" decoding=\"async\" width=\"800\" height=\"259\" src=\"https:\/\/simon.uis.edu.co\/mie\/wp-content\/uploads\/2025\/10\/image.png\" alt=\"\" class=\"wp-image-2606\" srcset=\"https:\/\/simon.uis.edu.co\/mie\/wp-content\/uploads\/2025\/10\/image.png 800w, https:\/\/simon.uis.edu.co\/mie\/wp-content\/uploads\/2025\/10\/image-300x97.png 300w, https:\/\/simon.uis.edu.co\/mie\/wp-content\/uploads\/2025\/10\/image-768x249.png 768w, https:\/\/simon.uis.edu.co\/mie\/wp-content\/uploads\/2025\/10\/image-228x74.png 228w\" sizes=\"auto, (max-width: 800px) 100vw, 800px\" \/><\/figure>\n\n\n\n<h3 class=\"wp-block-heading has-black-color has-text-color has-link-color wp-elements-87b9c5ff0ab4fc00178bb352275b7feb\"><strong>OBJETO DE LA CONVOCATORIA<\/strong><\/h3>\n\n\n\n<p class=\"has-black-color has-text-color has-link-color has-medium-font-size wp-elements-984c6af86bc0b33bb58c62828af57b10\">Otorgar cr\u00e9ditos educativos condonables para cubrir los costos de matr\u00edcula de programas de maestr\u00eda, en un 70% para educadores de poblaci\u00f3n mayoritaria y un 85% para etnoeducadores.<\/p>\n\n\n\n<h3 class=\"wp-block-heading has-black-color has-text-color has-link-color wp-elements-823c73e3cf7a0b95c921a41c86a5a1f6\"><strong>TIPO DE CONVOCATORIA<\/strong><\/h3>\n\n\n\n<p class=\"has-black-color has-text-color has-link-color has-medium-font-size wp-elements-120888601e94e46af2d9c0fbedda21bb\">Cerrada: el ICETEX publicar\u00e1 la convocatoria para solicitud de cr\u00e9dito educativo<br>condonable, \u00fanicamente y exclusivamente con acceso para los potenciales beneficiarios que fueron incluidos en los listados consolidados por el MEN tras el proceso de preinscripci\u00f3n y b\u00fasqueda activa de aspirantes.<\/p>\n\n\n\n<h3 class=\"wp-block-heading has-black-color has-text-color has-link-color wp-elements-17e46bb45b840e4b00100c24e4918780\"><strong>CRITERIOS DE PRIORIZACI\u00d3N<\/strong><\/h3>\n\n\n\n<p class=\"has-black-color has-text-color has-link-color has-medium-font-size wp-elements-f4d2082647b138195db1bded80842aee\">Los siguientes criterios permitir\u00e1n organizar los listados de potenciales beneficiarios para priorizar los cupos estimados en educadores aspirantes a la formaci\u00f3n de maestr\u00eda, que cumplan con estas caracter\u00edsticas:<\/p>\n\n\n\n<figure class=\"wp-block-table \/* Black text color for table content *\/ .wp-block-table.has-black-color td, th, .wp-block-table .has-black-color th { color: #000!important; } Medium font size .wp-block-table.has-medium-font-size .has-medium-font-size font-size: 1.1em!important; font-weight: normal; is-style-stripes has-medium-font-size\"><table class=\"has-black-color has-text-color has-link-color has-fixed-layout\"><tbody><tr><td class=\"has-text-align-center\" data-align=\"center\"><strong>Criterio<\/strong><\/td><td class=\"has-text-align-left\" data-align=\"left\"><strong>Descripci\u00f3n<\/strong><\/td><\/tr><tr><td class=\"has-text-align-center\" data-align=\"center\"><strong>A<\/strong><\/td><td class=\"has-text-align-left\" data-align=\"left\">Desempe\u00f1arse en EE en zona rural o en municipios clasificados como rural o rural disperso<\/td><\/tr><tr><td class=\"has-text-align-center\" data-align=\"center\"><strong>B<\/strong><\/td><td class=\"has-text-align-left\" data-align=\"left\">Vinculaci\u00f3n a la ETC en calidad de etnoeducador (atenci\u00f3n a poblaciones ind\u00edgenas y\/o negras, afrocolombianas, raizales o palenqueras<\/td><\/tr><tr><td class=\"has-text-align-center\" data-align=\"center\"><strong>C<\/strong><\/td><td class=\"has-text-align-left\" data-align=\"left\">Encontrarse cursando el programa de maestr\u00eda al cual se postula<\/td><\/tr><tr><td class=\"has-text-align-center\" data-align=\"center\"><strong>D<\/strong><\/td><td class=\"has-text-align-left\" data-align=\"left\">Pertenecer a poblaci\u00f3n registrada como v\u00edctima del conflicto armado y\/o a la poblaci\u00f3n en condici\u00f3n de discapacidad<\/td><\/tr><\/tbody><\/table><\/figure>\n\n\n\n<h3 class=\"wp-block-heading has-black-color has-text-color has-link-color wp-elements-7a2c499b54eec2c758088ebe2b80a4fe\"><strong>REQUISITOS GENERALES PARA LA ADJUDICACI\u00d3N DEL CR\u00c9DITO<\/strong><\/h3>\n\n\n\n<ol class=\"wp-block-list\">\n<li class=\"has-black-color has-text-color has-link-color has-medium-font-size wp-elements-2cb33fb0d758e3b2fd2efedd1e39f534\">Ser educador en servicio (Directivo docente o Docente), con nombramiento en propiedad y desempe\u00f1arse en un establecimiento educativo oficial.<\/li>\n\n\n\n<li class=\"has-black-color has-text-color has-link-color has-medium-font-size wp-elements-80afd448d80df845e3783c0c1319e90b\">Contar con la aprobaci\u00f3n del estudio crediticio.<\/li>\n\n\n\n<li class=\"has-black-color has-text-color has-link-color has-medium-font-size wp-elements-cf27c451c8e6c2ef27ea13e3f511a2f4\">Inscribirse a trav\u00e9s de la p\u00e1gina web del ICETEX dentro de los plazos, t\u00e9rminos y condiciones se\u00f1alados y diligenciar el formulario de solicitud de cr\u00e9dito.<\/li>\n\n\n\n<li class=\"has-black-color has-text-color has-link-color has-medium-font-size wp-elements-196f4cc95d1c9f742bbbe207ac30c07f\">Contar con la admisi\u00f3n en la IES, al programa de formaci\u00f3n seg\u00fan los requisitos establecidos en la convocatoria y de acuerdo con las condiciones y plazos que las Instituciones de Educaci\u00f3n Superior (IES) participantes dispongan para tal efecto.<\/li>\n\n\n\n<li class=\"has-black-color has-text-color has-link-color has-medium-font-size wp-elements-fa023c0aed832cc6c466591540fc3632\">Contar con la adjudicaci\u00f3n del cr\u00e9dito educativo aprobado por la Junta Administradora del Fondo.<\/li>\n\n\n\n<li class=\"has-black-color has-text-color has-link-color has-medium-font-size wp-elements-6c9a5fe013f88e0cc72b1451fcd4bb2d\">Obtener el concepto jur\u00eddico viable para el cr\u00e9dito educativo adjudicado, seg\u00fan el plazo para la legalizaci\u00f3n establecido en el calendario de la presente convocatoria, tr\u00e1mite que culmina con la firma de garant\u00edas ante el ICETEX.<\/li>\n\n\n\n<li class=\"has-black-color has-text-color has-link-color has-medium-font-size wp-elements-92e1af08db8a713e977ac68aadd10671\">NO contar con t\u00edtulo de maestr\u00eda o superior.<\/li>\n\n\n\n<li class=\"has-black-color has-text-color has-link-color has-medium-font-size wp-elements-adb48dabbf8b1ec4fefe29b538cbbb33\">NO tener un cr\u00e9dito educativo condonable con el ICETEX, para la financiaci\u00f3n de programas de pregrado o posgrado<\/li>\n\n\n\n<li class=\"has-black-color has-text-color has-link-color has-medium-font-size wp-elements-b2f3819ad608bb2507a4751e7aa53486\">NO encontrarse en comisi\u00f3n, excepto los tutores del \u201cPrograma de Tutor\u00edas para el Aprendizaje y la Formaci\u00f3n Integral &#8211; PTAFI\u201d.<\/li>\n\n\n\n<li class=\"has-black-color has-text-color has-link-color has-medium-font-size wp-elements-2e55649f50bda506ce90332fd3a74bdd\">Comprometerse con aplicar los conocimientos y competencias adquiridos durante su proceso de formaci\u00f3n en el mejoramiento de la calidad educativa de la instituci\u00f3n donde se desempe\u00f1a, ya sea como docente o directivo. Esto incluye el dise\u00f1o e implementaci\u00f3n de estrategias pedag\u00f3gicas, curriculares o de gesti\u00f3n escolar que impacten positivamente en los procesos de ense\u00f1anza-aprendizaje, contribuyendo directamente al Proyecto Educativo Institucional.<\/li>\n<\/ol>\n\n\n\n<div style=\"height:100px\" aria-hidden=\"true\" class=\"wp-block-spacer\"><\/div>\n\n\n\n<div class=\"wp-block-columns is-layout-flex wp-container-core-columns-is-layout-9d6595d7 wp-block-columns-is-layout-flex\">\n<div class=\"wp-block-column is-layout-flow wp-block-column-is-layout-flow\" style=\"flex-basis:25%\"><\/div>\n\n\n\n<div class=\"wp-block-column is-layout-flow wp-block-column-is-layout-flow\" style=\"flex-basis:50%\">\n<div class=\"wp-block-buttons is-layout-flex wp-block-buttons-is-layout-flex\">\n<div class=\"wp-block-button\"><a class=\"wp-block-button__link has-white-color has-text-color has-background has-link-color wp-element-button\" href=\"https:\/\/web.icetex.gov.co\/web\/portal\/-\/convocatoria-poder-pedagogico-popular-territorializacion-de-la-formacion-avanzada\" style=\"background-color:#7635b2\">P\u00e1gina de informaci\u00f3n de la convocatoria (ICETEX)<\/a><\/div>\n<\/div>\n<\/div>\n\n\n\n<div class=\"wp-block-column is-layout-flow wp-block-column-is-layout-flow\" style=\"flex-basis:25%\"><\/div>\n<\/div>\n","protected":false},"excerpt":{"rendered":"<p>OBJETO DE LA CONVOCATORIA Otorgar cr\u00e9ditos educativos condonables para cubrir los costos de matr\u00edcula de programas de maestr\u00eda, en un 70% para educadores de poblaci\u00f3n mayoritaria y un 85% para etnoeducadores. TIPO DE CONVOCATORIA Cerrada: el ICETEX publicar\u00e1 la convocatoria para solicitud de cr\u00e9dito educativocondonable, \u00fanicamente y exclusivamente con acceso para los potenciales beneficiarios que [&hellip;]<\/p>\n","protected":false},"author":1,"featured_media":0,"parent":2515,"menu_order":0,"comment_status":"closed","ping_status":"closed","template":"","meta":{"footnotes":""},"class_list":["post-2577","page","type-page","status-publish","hentry"],"_links":{"self":[{"href":"https:\/\/simon.uis.edu.co\/mie\/wp-json\/wp\/v2\/pages\/2577","targetHints":{"allow":["GET"]}}],"collection":[{"href":"https:\/\/simon.uis.edu.co\/mie\/wp-json\/wp\/v2\/pages"}],"about":[{"href":"https:\/\/simon.uis.edu.co\/mie\/wp-json\/wp\/v2\/types\/page"}],"author":[{"embeddable":true,"href":"https:\/\/simon.uis.edu.co\/mie\/wp-json\/wp\/v2\/users\/1"}],"replies":[{"embeddable":true,"href":"https:\/\/simon.uis.edu.co\/mie\/wp-json\/wp\/v2\/comments?post=2577"}],"version-history":[{"count":32,"href":"https:\/\/simon.uis.edu.co\/mie\/wp-json\/wp\/v2\/pages\/2577\/revisions"}],"predecessor-version":[{"id":2838,"href":"https:\/\/simon.uis.edu.co\/mie\/wp-json\/wp\/v2\/pages\/2577\/revisions\/2838"}],"up":[{"embeddable":true,"href":"https:\/\/simon.uis.edu.co\/mie\/wp-json\/wp\/v2\/pages\/2515"}],"wp:attachment":[{"href":"https:\/\/simon.uis.edu.co\/mie\/wp-json\/wp\/v2\/media?parent=2577"}],"curies":[{"name":"wp","href":"https:\/\/api.w.org\/{rel}","templated":true}]}}