{"id":2515,"date":"2025-10-16T18:23:21","date_gmt":"2025-10-16T23:23:21","guid":{"rendered":"https:\/\/simon.uis.edu.co\/mie\/?page_id=2515"},"modified":"2026-03-17T15:12:03","modified_gmt":"2026-03-17T20:12:03","slug":"convocatoria-poder-pedagogico-popular-territorializacion-de-la-formacion-avanzada-maestrias","status":"publish","type":"page","link":"https:\/\/simon.uis.edu.co\/mie\/convocatoria-poder-pedagogico-popular-territorializacion-de-la-formacion-avanzada-maestrias\/","title":{"rendered":"BECAS DEL MEN PARA ESTUDIAR LA MAESTR\u00cdA EN INFORM\u00c1TICA PARA LA EDUCACI\u00d3N EN LA UIS"},"content":{"rendered":"\n<figure class=\"wp-block-image size-full\"><img loading=\"lazy\" decoding=\"async\" width=\"800\" height=\"259\" src=\"https:\/\/simon.uis.edu.co\/mie\/wp-content\/uploads\/2025\/10\/image.png\" alt=\"\" class=\"wp-image-2606\" srcset=\"https:\/\/simon.uis.edu.co\/mie\/wp-content\/uploads\/2025\/10\/image.png 800w, https:\/\/simon.uis.edu.co\/mie\/wp-content\/uploads\/2025\/10\/image-300x97.png 300w, https:\/\/simon.uis.edu.co\/mie\/wp-content\/uploads\/2025\/10\/image-768x249.png 768w, https:\/\/simon.uis.edu.co\/mie\/wp-content\/uploads\/2025\/10\/image-228x74.png 228w\" sizes=\"auto, (max-width: 800px) 100vw, 800px\" \/><\/figure>\n\n\n\n<p class=\"has-black-color has-text-color has-link-color wp-elements-d194059613286fbda4b68752102d1ed8\" style=\"font-size:28px\"><strong>Estudia con el 85% o 100% de descuento si eres docente o directivo docente del sector oficial. (Paga solo el 15%, 0% si eres etnoeducador).<\/strong><\/p>\n\n\n\n<p class=\"has-black-color has-text-color has-link-color has-medium-font-size wp-elements-6564b582ab654faf223fe7a5abc3d143\">El Ministerio de Educaci\u00f3n Nacional y el ICETEX invitan a los docentes del sector oficial a participar en la convocatoria para cursar estudios de maestr\u00eda <em><strong>Poder Pedag\u00f3gico Popular: Territorializaci\u00f3n de la Formaci\u00f3n Avanzada<\/strong><\/em>, cohorte 2026-1, dise\u00f1ada para apoyar el desarrollo profesional docente mediante cr\u00e9ditos educativos condonables.<\/p>\n\n\n\n<p class=\"has-black-color has-text-color has-link-color has-medium-font-size wp-elements-e0e1857118011febabd0dbc857908054\"><strong>Si eres educador en servicio (docente o directivo docente)<\/strong>&nbsp;con nombramiento en propiedad y trabajas en un establecimiento educativo oficial del pa\u00eds, puedes postularte para<em><strong>&nbsp;recibir el 70 % de financiaci\u00f3n para educadores de poblaci\u00f3n mayoritaria y el 85% para etnoeducadores por parte del Ministerio de Educaci\u00f3n-ICETEX y adicionalmente el 15 % por parte de la Universidad Industrial de Santander<\/strong><\/em>.<\/p>\n\n\n\n<p class=\"has-black-color has-text-color has-link-color wp-elements-98f6e14003f6594137c160478b88991f\"><strong>\u00a1Qu\u00e9 est\u00e1s esperando!<\/strong><em>&nbsp;La Maestr\u00eda en Inform\u00e1tica para la Educaci\u00f3n es modalidad <strong>VIRTUAL<\/strong> y es un posgrado dirigido a docentes de educaci\u00f3n pre-escolar, b\u00e1sica y media y otros profesionales interesados en formarse como docentes investigadores con capacidad para indagar, reflexionar y actuar en su contexto educativo, incorporando de forma apropiada los recursos inform\u00e1ticos disponibles. En la Maestr\u00eda en Inform\u00e1tica para la Educaci\u00f3n de la UIS brindamos a nuestros estudiantes formaci\u00f3n integral de la m\u00e1s alta calidad.<\/em><\/p>\n\n\n\n<div style=\"height:100px\" aria-hidden=\"true\" class=\"wp-block-spacer\"><\/div>\n\n\n\n<div class=\"wp-block-buttons is-layout-flex wp-block-buttons-is-layout-flex\">\n<div class=\"wp-block-button has-custom-width wp-block-button__width-100\"><a class=\"wp-block-button__link has-background wp-element-button\" href=\"https:\/\/simon.uis.edu.co\/mie\/convocatoria-poder-pedagogico-popular-territorializacion-de-la-formacion-avanzada-maestrias\/informacion-de-la-convocatoria\/\" style=\"background-color:#7635b2\">INFORMACI\u00d3N DE LA CONVOCATORIA (REQUISITOS)<\/a><\/div>\n<\/div>\n\n\n\n<div style=\"height:100px\" aria-hidden=\"true\" class=\"wp-block-spacer\"><\/div>\n\n\n\n<div class=\"wp-block-buttons is-layout-flex wp-block-buttons-is-layout-flex\">\n<div class=\"wp-block-button has-custom-width wp-block-button__width-100\"><a class=\"wp-block-button__link has-background wp-element-button\" href=\"https:\/\/simon.uis.edu.co\/mie\/inscripciones\/\" style=\"background-color:#7635b2\">INSCRIBIRSE EN LA MAESTR\u00cdA EN INFORM\u00c1TICA PARA LA EDUCACI\u00d3N<\/a><\/div>\n<\/div>\n\n\n\n<p class=\"has-black-color has-text-color has-link-color has-medium-font-size wp-elements-09eb1b36de2d10a88427bda3568451f8\">Cont\u00e1ctanos a trav\u00e9s del correo <strong><a href=\"mailto:mie@uis.edu.co\">mie@uis.edu.co<\/a><\/strong><\/p>\n\n\n\n<p class=\"has-black-color has-text-color has-link-color has-medium-font-size wp-elements-0487529157d0fae2f66a702a3258f5ee\">Tel\u00e9fono: +57 (607) 634 4000 Ext. 2351 | WhatsApp: +57 313 815 0391<\/p>\n","protected":false},"excerpt":{"rendered":"<p>Estudia con el 85% o 100% de descuento si eres docente o directivo docente del sector oficial. (Paga solo el 15%, 0% si eres etnoeducador). El Ministerio de Educaci\u00f3n Nacional y el ICETEX invitan a los docentes del sector oficial a participar en la convocatoria para cursar estudios de maestr\u00eda Poder Pedag\u00f3gico Popular: Territorializaci\u00f3n de [&hellip;]<\/p>\n","protected":false},"author":1,"featured_media":0,"parent":0,"menu_order":0,"comment_status":"closed","ping_status":"closed","template":"","meta":{"footnotes":""},"class_list":["post-2515","page","type-page","status-publish","hentry"],"_links":{"self":[{"href":"https:\/\/simon.uis.edu.co\/mie\/wp-json\/wp\/v2\/pages\/2515","targetHints":{"allow":["GET"]}}],"collection":[{"href":"https:\/\/simon.uis.edu.co\/mie\/wp-json\/wp\/v2\/pages"}],"about":[{"href":"https:\/\/simon.uis.edu.co\/mie\/wp-json\/wp\/v2\/types\/page"}],"author":[{"embeddable":true,"href":"https:\/\/simon.uis.edu.co\/mie\/wp-json\/wp\/v2\/users\/1"}],"replies":[{"embeddable":true,"href":"https:\/\/simon.uis.edu.co\/mie\/wp-json\/wp\/v2\/comments?post=2515"}],"version-history":[{"count":71,"href":"https:\/\/simon.uis.edu.co\/mie\/wp-json\/wp\/v2\/pages\/2515\/revisions"}],"predecessor-version":[{"id":2839,"href":"https:\/\/simon.uis.edu.co\/mie\/wp-json\/wp\/v2\/pages\/2515\/revisions\/2839"}],"wp:attachment":[{"href":"https:\/\/simon.uis.edu.co\/mie\/wp-json\/wp\/v2\/media?parent=2515"}],"curies":[{"name":"wp","href":"https:\/\/api.w.org\/{rel}","templated":true}]}}