{"id":226,"date":"2023-04-10T07:36:45","date_gmt":"2023-04-10T12:36:45","guid":{"rendered":"http:\/\/10.1.54.164\/mie\/?page_id=226"},"modified":"2024-10-25T10:47:39","modified_gmt":"2024-10-25T15:47:39","slug":"plan-de-estudios","status":"publish","type":"page","link":"https:\/\/simon.uis.edu.co\/mie\/plan-de-estudios\/","title":{"rendered":"Plan de estudios"},"content":{"rendered":"\n<h3 class=\"wp-block-heading has-text-align-center has-text-color has-large-font-size\" style=\"color:#8064a2\">PLAN DE ESTUDIOS<\/h3>\n\n\n\n<p class=\"has-black-color has-text-color has-medium-font-size\">El plan de estudios del programa de Maestr\u00eda en Inform\u00e1tica para la Educaci\u00f3n est\u00e1 compuesto por asignaturas pertenecientes a cada uno de los saberes de la estructura curricular del programa. A su vez, las asignaturas est\u00e1n compuestas por uno o dos m\u00f3dulos que ser\u00e1n guiados por un tutor para cada m\u00f3dulo. Los m\u00f3dulos de las asignaturas ser\u00e1n cursados durante el periodo acad\u00e9mico, no necesariamente uno seguido de otro. (Puede cursarse un m\u00f3dulo de otra asignatura en el medio)<\/p>\n\n\n\n<p class=\"has-black-color has-text-color has-link-color wp-elements-22b8d89e07fe03cc69e348fdc823ed50\">Las actividades acad\u00e9micas del programa est\u00e1n organizadas y estructuradas en 4 semestres acad\u00e9micos y 52 cr\u00e9ditos distribuidos as\u00ed:<\/p>\n\n\n\n<figure class=\"wp-block-image size-large\"><img loading=\"lazy\" decoding=\"async\" width=\"1024\" height=\"1024\" src=\"https:\/\/simon.uis.edu.co\/mie\/wp-content\/uploads\/2024\/10\/image-3-1024x1024.png\" alt=\"\" class=\"wp-image-2300\" srcset=\"https:\/\/simon.uis.edu.co\/mie\/wp-content\/uploads\/2024\/10\/image-3-1024x1024.png 1024w, https:\/\/simon.uis.edu.co\/mie\/wp-content\/uploads\/2024\/10\/image-3-300x300.png 300w, https:\/\/simon.uis.edu.co\/mie\/wp-content\/uploads\/2024\/10\/image-3-150x150.png 150w, https:\/\/simon.uis.edu.co\/mie\/wp-content\/uploads\/2024\/10\/image-3-768x768.png 768w, https:\/\/simon.uis.edu.co\/mie\/wp-content\/uploads\/2024\/10\/image-3-1536x1536.png 1536w, https:\/\/simon.uis.edu.co\/mie\/wp-content\/uploads\/2024\/10\/image-3-70x70.png 70w, https:\/\/simon.uis.edu.co\/mie\/wp-content\/uploads\/2024\/10\/image-3-127x127.png 127w, https:\/\/simon.uis.edu.co\/mie\/wp-content\/uploads\/2024\/10\/image-3-476x476.png 476w, https:\/\/simon.uis.edu.co\/mie\/wp-content\/uploads\/2024\/10\/image-3-125x125.png 125w, https:\/\/simon.uis.edu.co\/mie\/wp-content\/uploads\/2024\/10\/image-3.png 1600w\" sizes=\"auto, (max-width: 1024px) 100vw, 1024px\" \/><\/figure>\n\n\n\n<p class=\"has-text-color has-medium-font-size\" style=\"color:#8064a2\"><strong>Asignaturas electivas:<\/strong>&nbsp;<\/p>\n\n\n\n<p class=\"has-black-color has-text-color has-medium-font-size\">El estudiante con la asesor\u00eda de su director, contar\u00e1 con la orientaci\u00f3n necesaria para seleccionar la materia electiva, bajo el saber que mejor complemente el aprendizaje.<\/p>\n\n\n\n<figure class=\"wp-block-image size-full\"><img loading=\"lazy\" decoding=\"async\" width=\"844\" height=\"398\" src=\"https:\/\/simon.uis.edu.co\/mie\/wp-content\/uploads\/2024\/10\/image-5.png\" alt=\"\" class=\"wp-image-2332\" srcset=\"https:\/\/simon.uis.edu.co\/mie\/wp-content\/uploads\/2024\/10\/image-5.png 844w, https:\/\/simon.uis.edu.co\/mie\/wp-content\/uploads\/2024\/10\/image-5-300x141.png 300w, https:\/\/simon.uis.edu.co\/mie\/wp-content\/uploads\/2024\/10\/image-5-768x362.png 768w\" sizes=\"auto, (max-width: 844px) 100vw, 844px\" \/><\/figure>\n","protected":false},"excerpt":{"rendered":"<p>PLAN DE ESTUDIOS El plan de estudios del programa de Maestr\u00eda en Inform\u00e1tica para la Educaci\u00f3n est\u00e1 compuesto por asignaturas pertenecientes a cada uno de los saberes de la estructura curricular del programa. A su vez, las asignaturas est\u00e1n compuestas por uno o dos m\u00f3dulos que ser\u00e1n guiados por un tutor para cada m\u00f3dulo. Los [&hellip;]<\/p>\n","protected":false},"author":1,"featured_media":512,"parent":0,"menu_order":0,"comment_status":"closed","ping_status":"closed","template":"page-templates\/no-sidebar.php","meta":{"footnotes":""},"class_list":["post-226","page","type-page","status-publish","has-post-thumbnail","hentry"],"_links":{"self":[{"href":"https:\/\/simon.uis.edu.co\/mie\/wp-json\/wp\/v2\/pages\/226","targetHints":{"allow":["GET"]}}],"collection":[{"href":"https:\/\/simon.uis.edu.co\/mie\/wp-json\/wp\/v2\/pages"}],"about":[{"href":"https:\/\/simon.uis.edu.co\/mie\/wp-json\/wp\/v2\/types\/page"}],"author":[{"embeddable":true,"href":"https:\/\/simon.uis.edu.co\/mie\/wp-json\/wp\/v2\/users\/1"}],"replies":[{"embeddable":true,"href":"https:\/\/simon.uis.edu.co\/mie\/wp-json\/wp\/v2\/comments?post=226"}],"version-history":[{"count":12,"href":"https:\/\/simon.uis.edu.co\/mie\/wp-json\/wp\/v2\/pages\/226\/revisions"}],"predecessor-version":[{"id":2334,"href":"https:\/\/simon.uis.edu.co\/mie\/wp-json\/wp\/v2\/pages\/226\/revisions\/2334"}],"wp:featuredmedia":[{"embeddable":true,"href":"https:\/\/simon.uis.edu.co\/mie\/wp-json\/wp\/v2\/media\/512"}],"wp:attachment":[{"href":"https:\/\/simon.uis.edu.co\/mie\/wp-json\/wp\/v2\/media?parent=226"}],"curies":[{"name":"wp","href":"https:\/\/api.w.org\/{rel}","templated":true}]}}