{"id":220,"date":"2023-04-10T07:33:28","date_gmt":"2023-04-10T12:33:28","guid":{"rendered":"http:\/\/10.1.54.164\/mie\/?page_id=220"},"modified":"2024-10-25T10:59:50","modified_gmt":"2024-10-25T15:59:50","slug":"investigacion","status":"publish","type":"page","link":"https:\/\/simon.uis.edu.co\/mie\/investigacion\/","title":{"rendered":"Investigaci\u00f3n"},"content":{"rendered":"\n<h3 class=\"wp-block-heading has-text-color has-link-color wp-elements-73b3eee2fa271a00b2983c1fa3d37438\" style=\"color:#8064a2\">L\u00edneas de investigaci\u00f3n del programa<\/h3>\n\n\n\n<p class=\"has-black-color has-text-color has-medium-font-size\">A continuaci\u00f3n, encontrar\u00e1 informaci\u00f3n de las L\u00edneas de Investigaci\u00f3n del programa en las cuales se puede realizar el trabajo de grado:<\/p>\n\n\n\n<ul class=\"wp-block-list has-black-color has-text-color has-medium-font-size\">\n<li>Ambientes inform\u00e1ticos de aprendizaje<\/li>\n\n\n\n<li>Redes de aprendizaje y comunidad en pr\u00e1ctica<\/li>\n\n\n\n<li>Uso de recursos inform\u00e1ticos en el aula<\/li>\n\n\n\n<li>Ambientes educativos y mediaci\u00f3n tecnol\u00f3gica<\/li>\n\n\n\n<li>Competencia informacional<\/li>\n<\/ul>\n\n\n\n<h3 class=\"wp-block-heading has-text-color has-link-color wp-elements-84ecc59bc1dd2aad02f74a4442feaba6\" style=\"color:#8064a2\">Grupos de Investigaci\u00f3n que apoyan el programa<\/h3>\n\n\n\n<p class=\"has-black-color has-text-color has-medium-font-size\">Como agentes de fortalecimiento de los procesos educativos que se desarrollan en la UIS y que dar\u00e1n apoyo a la Maestr\u00eda en Inform\u00e1tica para la Educaci\u00f3n, se cuenta con los grupos de investigaci\u00f3n mostrados en la a continuaci\u00f3n y que pertenecen a diferente unidades acad\u00e9micas \u2013 administrativas de la universidad:<\/p>\n\n\n\n<div class=\"wp-block-columns is-layout-flex wp-container-core-columns-is-layout-9d6595d7 wp-block-columns-is-layout-flex\">\n<div class=\"wp-block-column is-layout-flow wp-block-column-is-layout-flow\" style=\"flex-basis:33.33%\"><\/div>\n\n\n\n<div class=\"wp-block-column is-layout-flow wp-block-column-is-layout-flow\" style=\"flex-basis:66.66%\"><\/div>\n<\/div>\n","protected":false},"excerpt":{"rendered":"<p>L\u00edneas de investigaci\u00f3n del programa A continuaci\u00f3n, encontrar\u00e1 informaci\u00f3n de las L\u00edneas de Investigaci\u00f3n del programa en las cuales se puede realizar el trabajo de grado: Grupos de Investigaci\u00f3n que apoyan el programa Como agentes de fortalecimiento de los procesos educativos que se desarrollan en la UIS y que dar\u00e1n apoyo a la Maestr\u00eda en [&hellip;]<\/p>\n","protected":false},"author":1,"featured_media":510,"parent":0,"menu_order":0,"comment_status":"closed","ping_status":"closed","template":"page-templates\/no-sidebar.php","meta":{"footnotes":""},"class_list":["post-220","page","type-page","status-publish","has-post-thumbnail","hentry"],"_links":{"self":[{"href":"https:\/\/simon.uis.edu.co\/mie\/wp-json\/wp\/v2\/pages\/220","targetHints":{"allow":["GET"]}}],"collection":[{"href":"https:\/\/simon.uis.edu.co\/mie\/wp-json\/wp\/v2\/pages"}],"about":[{"href":"https:\/\/simon.uis.edu.co\/mie\/wp-json\/wp\/v2\/types\/page"}],"author":[{"embeddable":true,"href":"https:\/\/simon.uis.edu.co\/mie\/wp-json\/wp\/v2\/users\/1"}],"replies":[{"embeddable":true,"href":"https:\/\/simon.uis.edu.co\/mie\/wp-json\/wp\/v2\/comments?post=220"}],"version-history":[{"count":11,"href":"https:\/\/simon.uis.edu.co\/mie\/wp-json\/wp\/v2\/pages\/220\/revisions"}],"predecessor-version":[{"id":2338,"href":"https:\/\/simon.uis.edu.co\/mie\/wp-json\/wp\/v2\/pages\/220\/revisions\/2338"}],"wp:featuredmedia":[{"embeddable":true,"href":"https:\/\/simon.uis.edu.co\/mie\/wp-json\/wp\/v2\/media\/510"}],"wp:attachment":[{"href":"https:\/\/simon.uis.edu.co\/mie\/wp-json\/wp\/v2\/media?parent=220"}],"curies":[{"name":"wp","href":"https:\/\/api.w.org\/{rel}","templated":true}]}}