{"id":2170,"date":"2023-07-13T07:32:56","date_gmt":"2023-07-13T12:32:56","guid":{"rendered":"http:\/\/10.1.53.69\/mie\/?page_id=2170"},"modified":"2026-02-09T12:41:14","modified_gmt":"2026-02-09T17:41:14","slug":"sustentaciones","status":"publish","type":"page","link":"https:\/\/simon.uis.edu.co\/mie\/sustentaciones\/","title":{"rendered":"Sustentaciones"},"content":{"rendered":"\n<p class=\"has-black-color has-text-color has-link-color wp-elements-90b75925f84c5c9ac7a58207f9ca2f5f\">Estimada Comunidad universitaria, reciba un cordial saludo. La Maestr\u00eda en Inform\u00e1tica para la Educaci\u00f3n de la Universidad Industrial de Santander se permite invitarlos a las sustentaciones p\u00fablicas de las propuestas de investigaci\u00f3n y sustentaciones de trabajos de grado.&nbsp; A continuaci\u00f3n, encontrar\u00e1 las invitaciones y el v\u00ednculo de ingreso a la sustentaci\u00f3n.<\/p>\n\n\n\n<p class=\"has-black-color has-text-color has-link-color wp-elements-22e7cd136d5650057dd63652e43a06e8\"><strong>NOTA<\/strong>: Se realizar\u00e1n a trav\u00e9s de Microsoft Teams, puede unirse desde el navegador, aplicaci\u00f3n de escritorio o aplicaci\u00f3n m\u00f3vil.<\/p>\n\n\n\n<figure class=\"wp-block-image size-full\"><a href=\"https:\/\/teams.microsoft.com\/l\/meetup-join\/19%3ameeting_MTgwZWYxOGQtOWJjZi00NjYwLWE5NjAtZTljYTQ4OTFlNGZl%40thread.v2\/0?context=%7b%22Tid%22%3a%22a584ad32-dcf6-4150-a4b5-7faff9248aa6%22%2c%22Oid%22%3a%221d9dd57b-c351-4ba6-bf65-7db1274aa65d%22%7d\" target=\"_blank\" rel=\" noreferrer noopener\"><img loading=\"lazy\" decoding=\"async\" width=\"1280\" height=\"717\" src=\"https:\/\/simon.uis.edu.co\/mie\/wp-content\/uploads\/2026\/02\/Sergio-Reyes.png\" alt=\"\" class=\"wp-image-2828\" srcset=\"https:\/\/simon.uis.edu.co\/mie\/wp-content\/uploads\/2026\/02\/Sergio-Reyes.png 1280w, https:\/\/simon.uis.edu.co\/mie\/wp-content\/uploads\/2026\/02\/Sergio-Reyes-300x168.png 300w, https:\/\/simon.uis.edu.co\/mie\/wp-content\/uploads\/2026\/02\/Sergio-Reyes-1024x574.png 1024w, https:\/\/simon.uis.edu.co\/mie\/wp-content\/uploads\/2026\/02\/Sergio-Reyes-768x430.png 768w, https:\/\/simon.uis.edu.co\/mie\/wp-content\/uploads\/2026\/02\/Sergio-Reyes-207x116.png 207w\" sizes=\"auto, (max-width: 1280px) 100vw, 1280px\" \/><\/a><\/figure>\n\n\n\n<div class=\"wp-block-buttons is-content-justification-center is-layout-flex wp-container-core-buttons-is-layout-16018d1d wp-block-buttons-is-layout-flex\">\n<div class=\"wp-block-button\"><a class=\"wp-block-button__link has-background has-text-align-center wp-element-button\" href=\"https:\/\/teams.microsoft.com\/l\/meetup-join\/19%3ameeting_MTgwZWYxOGQtOWJjZi00NjYwLWE5NjAtZTljYTQ4OTFlNGZl%40thread.v2\/0?context=%7b%22Tid%22%3a%22a584ad32-dcf6-4150-a4b5-7faff9248aa6%22%2c%22Oid%22%3a%221d9dd57b-c351-4ba6-bf65-7db1274aa65d%22%7d\" style=\"background-color:#8064a2\" target=\"_blank\" rel=\"noreferrer noopener\">Ingresar<\/a><\/div>\n<\/div>\n","protected":false},"excerpt":{"rendered":"<p>Estimada Comunidad universitaria, reciba un cordial saludo. La Maestr\u00eda en Inform\u00e1tica para la Educaci\u00f3n de la Universidad Industrial de Santander se permite invitarlos a las sustentaciones p\u00fablicas de las propuestas de investigaci\u00f3n y sustentaciones de trabajos de grado.&nbsp; A continuaci\u00f3n, encontrar\u00e1 las invitaciones y el v\u00ednculo de ingreso a la sustentaci\u00f3n. NOTA: Se realizar\u00e1n a [&hellip;]<\/p>\n","protected":false},"author":1,"featured_media":516,"parent":0,"menu_order":0,"comment_status":"closed","ping_status":"closed","template":"","meta":{"footnotes":""},"class_list":["post-2170","page","type-page","status-publish","has-post-thumbnail","hentry"],"_links":{"self":[{"href":"https:\/\/simon.uis.edu.co\/mie\/wp-json\/wp\/v2\/pages\/2170","targetHints":{"allow":["GET"]}}],"collection":[{"href":"https:\/\/simon.uis.edu.co\/mie\/wp-json\/wp\/v2\/pages"}],"about":[{"href":"https:\/\/simon.uis.edu.co\/mie\/wp-json\/wp\/v2\/types\/page"}],"author":[{"embeddable":true,"href":"https:\/\/simon.uis.edu.co\/mie\/wp-json\/wp\/v2\/users\/1"}],"replies":[{"embeddable":true,"href":"https:\/\/simon.uis.edu.co\/mie\/wp-json\/wp\/v2\/comments?post=2170"}],"version-history":[{"count":26,"href":"https:\/\/simon.uis.edu.co\/mie\/wp-json\/wp\/v2\/pages\/2170\/revisions"}],"predecessor-version":[{"id":2829,"href":"https:\/\/simon.uis.edu.co\/mie\/wp-json\/wp\/v2\/pages\/2170\/revisions\/2829"}],"wp:featuredmedia":[{"embeddable":true,"href":"https:\/\/simon.uis.edu.co\/mie\/wp-json\/wp\/v2\/media\/516"}],"wp:attachment":[{"href":"https:\/\/simon.uis.edu.co\/mie\/wp-json\/wp\/v2\/media?parent=2170"}],"curies":[{"name":"wp","href":"https:\/\/api.w.org\/{rel}","templated":true}]}}