{"id":176,"date":"2023-04-09T02:19:24","date_gmt":"2023-04-09T07:19:24","guid":{"rendered":"http:\/\/10.1.54.164\/mie\/?page_id=176"},"modified":"2024-02-06T14:46:28","modified_gmt":"2024-02-06T19:46:28","slug":"programacion-academica-mie","status":"publish","type":"page","link":"https:\/\/simon.uis.edu.co\/mie\/programacion-academica-mie\/","title":{"rendered":"Programaci\u00f3n Academica MIE"},"content":{"rendered":"\n<p class=\"has-medium-font-size\">A continuaci\u00f3n, encontrar\u00e1 la programaci\u00f3n acad\u00e9mica de las cohortes del programa de Maestr\u00eda en Inform\u00e1tica para la Educaci\u00f3n para el <strong>primer periodo acad\u00e9mico de 2024.<\/strong><\/p>\n\n\n\n<div class=\"wp-block-buttons is-layout-flex wp-block-buttons-is-layout-flex\">\n<div class=\"wp-block-button\"><a class=\"wp-block-button__link wp-element-button\" href=\"https:\/\/simon.uis.edu.co\/mie\/programacion-cohorte-vi\/\">Programaci\u00f3n Cohorte VI<\/a><\/div>\n<\/div>\n","protected":false},"excerpt":{"rendered":"<p>A continuaci\u00f3n, encontrar\u00e1 la programaci\u00f3n acad\u00e9mica de las cohortes del programa de Maestr\u00eda en Inform\u00e1tica para la Educaci\u00f3n para el primer periodo acad\u00e9mico de 2024.<\/p>\n","protected":false},"author":1,"featured_media":518,"parent":0,"menu_order":0,"comment_status":"closed","ping_status":"closed","template":"page-templates\/no-sidebar.php","meta":{"footnotes":""},"class_list":["post-176","page","type-page","status-publish","has-post-thumbnail","hentry"],"_links":{"self":[{"href":"https:\/\/simon.uis.edu.co\/mie\/wp-json\/wp\/v2\/pages\/176","targetHints":{"allow":["GET"]}}],"collection":[{"href":"https:\/\/simon.uis.edu.co\/mie\/wp-json\/wp\/v2\/pages"}],"about":[{"href":"https:\/\/simon.uis.edu.co\/mie\/wp-json\/wp\/v2\/types\/page"}],"author":[{"embeddable":true,"href":"https:\/\/simon.uis.edu.co\/mie\/wp-json\/wp\/v2\/users\/1"}],"replies":[{"embeddable":true,"href":"https:\/\/simon.uis.edu.co\/mie\/wp-json\/wp\/v2\/comments?post=176"}],"version-history":[{"count":13,"href":"https:\/\/simon.uis.edu.co\/mie\/wp-json\/wp\/v2\/pages\/176\/revisions"}],"predecessor-version":[{"id":2255,"href":"https:\/\/simon.uis.edu.co\/mie\/wp-json\/wp\/v2\/pages\/176\/revisions\/2255"}],"wp:featuredmedia":[{"embeddable":true,"href":"https:\/\/simon.uis.edu.co\/mie\/wp-json\/wp\/v2\/media\/518"}],"wp:attachment":[{"href":"https:\/\/simon.uis.edu.co\/mie\/wp-json\/wp\/v2\/media?parent=176"}],"curies":[{"name":"wp","href":"https:\/\/api.w.org\/{rel}","templated":true}]}}